{"id":885,"date":"2023-03-29T15:42:37","date_gmt":"2023-03-29T12:42:37","guid":{"rendered":"https:\/\/shabistyle.com\/?post_type=product&#038;p=885"},"modified":"2024-11-11T23:18:20","modified_gmt":"2024-11-11T20:18:20","slug":"onix-dt014","status":"publish","type":"product","link":"https:\/\/shabistyle.com\/?product=onix-dt014","title":{"rendered":"Onix &#8211; DT014"},"content":{"rendered":"","protected":false},"excerpt":{"rendered":"<ul>\n<li>925 Ayar G\u00fcm\u00fc\u015f<\/li>\n<li>Uzunluk: 60\u2019cm<\/li>\n<li>Ta\u015f \u00c7ap\u0131: 6&#8217;mm<\/li>\n<li>Parf\u00fcm, Alkol, Ki\u015fisel Bak\u0131m \u00fcr\u00fcnleri ve Benzeri Kimyasal Maddeler ile Temas\u0131ndan Ka\u00e7\u0131n\u0131lmal\u0131d\u0131r.<\/li>\n<li>\u00dcr\u00fcn\u00fcn\u00fcz Hediye Paketi olarak Haz\u0131rlanmaktad\u0131r.<\/li>\n<\/ul>\n","protected":false},"featured_media":886,"comment_status":"closed","ping_status":"closed","template":"","meta":[],"product_cat":[16,30],"product_tag":[],"class_list":{"0":"post-885","1":"product","2":"type-product","3":"status-publish","4":"has-post-thumbnail","6":"product_cat-genel","7":"product_cat-kolye","9":"first","10":"instock","11":"shipping-taxable","12":"product-type-simple"},"featured_image_urls":{"full":["https:\/\/shabistyle.com\/wp-content\/uploads\/2023\/03\/onix_1000x1000.jpg",1000,1000,false],"thumbnail":["https:\/\/shabistyle.com\/wp-content\/uploads\/2023\/03\/onix_1000x1000-150x150.jpg",150,150,true],"medium":["https:\/\/shabistyle.com\/wp-content\/uploads\/2023\/03\/onix_1000x1000-300x300.jpg",300,300,true],"medium_large":["https:\/\/shabistyle.com\/wp-content\/uploads\/2023\/03\/onix_1000x1000-768x768.jpg",768,768,true],"large":["https:\/\/shabistyle.com\/wp-content\/uploads\/2023\/03\/onix_1000x1000.jpg",1000,1000,false],"1536x1536":["https:\/\/shabistyle.com\/wp-content\/uploads\/2023\/03\/onix_1000x1000.jpg",1000,1000,false],"2048x2048":["https:\/\/shabistyle.com\/wp-content\/uploads\/2023\/03\/onix_1000x1000.jpg",1000,1000,false],"woocommerce_thumbnail":["https:\/\/shabistyle.com\/wp-content\/uploads\/2023\/03\/onix_1000x1000-300x300.jpg",300,300,true],"woocommerce_single":["https:\/\/shabistyle.com\/wp-content\/uploads\/2023\/03\/onix_1000x1000-600x600.jpg",600,600,true],"woocommerce_gallery_thumbnail":["https:\/\/shabistyle.com\/wp-content\/uploads\/2023\/03\/onix_1000x1000-100x100.jpg",100,100,true]},"post_excerpt_stackable":"<ul>\n<li>925 Ayar G\u00fcm\u00fc\u015f<\/li>\n<li>Uzunluk: 60\u2019cm<\/li>\n<li>Ta\u015f \u00c7ap\u0131: 6&#8217;mm<\/li>\n<li>Parf\u00fcm, Alkol, Ki\u015fisel Bak\u0131m \u00fcr\u00fcnleri ve Benzeri Kimyasal Maddeler ile Temas\u0131ndan Ka\u00e7\u0131n\u0131lmal\u0131d\u0131r.<\/li>\n<li>\u00dcr\u00fcn\u00fcn\u00fcz Hediye Paketi olarak Haz\u0131rlanmaktad\u0131r.<\/li>\n<\/ul>\n","category_list":"","author_info":{"name":"","url":""},"comments_num":"0 comments","_links":{"self":[{"href":"https:\/\/shabistyle.com\/index.php?rest_route=\/wp\/v2\/product\/885","targetHints":{"allow":["GET"]}}],"collection":[{"href":"https:\/\/shabistyle.com\/index.php?rest_route=\/wp\/v2\/product"}],"about":[{"href":"https:\/\/shabistyle.com\/index.php?rest_route=\/wp\/v2\/types\/product"}],"replies":[{"embeddable":true,"href":"https:\/\/shabistyle.com\/index.php?rest_route=%2Fwp%2Fv2%2Fcomments&post=885"}],"wp:featuredmedia":[{"embeddable":true,"href":"https:\/\/shabistyle.com\/index.php?rest_route=\/wp\/v2\/media\/886"}],"wp:attachment":[{"href":"https:\/\/shabistyle.com\/index.php?rest_route=%2Fwp%2Fv2%2Fmedia&parent=885"}],"wp:term":[{"taxonomy":"product_cat","embeddable":true,"href":"https:\/\/shabistyle.com\/index.php?rest_route=%2Fwp%2Fv2%2Fproduct_cat&post=885"},{"taxonomy":"product_tag","embeddable":true,"href":"https:\/\/shabistyle.com\/index.php?rest_route=%2Fwp%2Fv2%2Fproduct_tag&post=885"}],"curies":[{"name":"wp","href":"https:\/\/api.w.org\/{rel}","templated":true}]}}