{"id":660,"date":"2023-03-06T14:01:18","date_gmt":"2023-03-06T11:01:18","guid":{"rendered":"https:\/\/shabistyle.com\/?post_type=product&#038;p=660"},"modified":"2024-11-11T23:26:56","modified_gmt":"2024-11-11T20:26:56","slug":"zincir-z06","status":"publish","type":"product","link":"https:\/\/shabistyle.com\/?product=zincir-z06","title":{"rendered":"Zincir &#8211; Z06"},"content":{"rendered":"","protected":false},"excerpt":{"rendered":"<p><strong>\u00dcr\u00fcn Bilgileri<\/strong><\/p>\n<hr \/>\n<ul>\n<li>925 Ayar G\u00fcm\u00fc\u015f<\/li>\n<li>Uzunluk: 60&#8217;cm<\/li>\n<li>Gram\u0131: 17,74&#8217;gr<\/li>\n<li>Renk: Oksit Kaplama<\/li>\n<li>Parf\u00fcm, Alkol, Ki\u015fisel Bak\u0131m \u00fcr\u00fcnleri ve Benzeri Kimyasal Maddeler ile Temas\u0131ndan Ka\u00e7\u0131n\u0131lmal\u0131d\u0131r.<\/li>\n<li>\u00dcr\u00fcn\u00fcn\u00fcz Hediye Paketi olarak Haz\u0131rlanmaktad\u0131r.<\/li>\n<\/ul>\n<hr \/>\n<p>&nbsp;<\/p>\n","protected":false},"featured_media":657,"comment_status":"closed","ping_status":"closed","template":"","meta":[],"product_cat":[16,28],"product_tag":[],"class_list":{"0":"post-660","1":"product","2":"type-product","3":"status-publish","4":"has-post-thumbnail","6":"product_cat-genel","7":"product_cat-zincir","9":"first","10":"instock","11":"shipping-taxable","12":"product-type-simple"},"featured_image_urls":{"full":["https:\/\/shabistyle.com\/wp-content\/uploads\/2023\/03\/DSCF1772-kopya.jpg",7812,7812,false],"thumbnail":["https:\/\/shabistyle.com\/wp-content\/uploads\/2023\/03\/DSCF1772-kopya.jpg",150,150,false],"medium":["https:\/\/shabistyle.com\/wp-content\/uploads\/2023\/03\/DSCF1772-kopya.jpg",300,300,false],"medium_large":["https:\/\/shabistyle.com\/wp-content\/uploads\/2023\/03\/DSCF1772-kopya.jpg",768,768,false],"large":["https:\/\/shabistyle.com\/wp-content\/uploads\/2023\/03\/DSCF1772-kopya.jpg",1024,1024,false],"1536x1536":["https:\/\/shabistyle.com\/wp-content\/uploads\/2023\/03\/DSCF1772-kopya.jpg",1536,1536,false],"2048x2048":["https:\/\/shabistyle.com\/wp-content\/uploads\/2023\/03\/DSCF1772-kopya.jpg",2048,2048,false],"woocommerce_thumbnail":["https:\/\/shabistyle.com\/wp-content\/uploads\/2023\/03\/DSCF1772-kopya.jpg",300,300,false],"woocommerce_single":["https:\/\/shabistyle.com\/wp-content\/uploads\/2023\/03\/DSCF1772-kopya.jpg",600,600,false],"woocommerce_gallery_thumbnail":["https:\/\/shabistyle.com\/wp-content\/uploads\/2023\/03\/DSCF1772-kopya.jpg",100,100,false]},"post_excerpt_stackable":"<p><strong>\u00dcr\u00fcn Bilgileri<\/strong><\/p>\n<hr \/>\n<ul>\n<li>925 Ayar G\u00fcm\u00fc\u015f<\/li>\n<li>Uzunluk: 60&#8217;cm<\/li>\n<li>Gram\u0131: 17,74&#8217;gr<\/li>\n<li>Renk: Oksit Kaplama<\/li>\n<li>Parf\u00fcm, Alkol, Ki\u015fisel Bak\u0131m \u00fcr\u00fcnleri ve Benzeri Kimyasal Maddeler ile Temas\u0131ndan Ka\u00e7\u0131n\u0131lmal\u0131d\u0131r.<\/li>\n<li>\u00dcr\u00fcn\u00fcn\u00fcz Hediye Paketi olarak Haz\u0131rlanmaktad\u0131r.<\/li>\n<\/ul>\n<hr \/>\n<p>&nbsp;<\/p>\n","category_list":"","author_info":{"name":"","url":""},"comments_num":"0 comments","_links":{"self":[{"href":"https:\/\/shabistyle.com\/index.php?rest_route=\/wp\/v2\/product\/660","targetHints":{"allow":["GET"]}}],"collection":[{"href":"https:\/\/shabistyle.com\/index.php?rest_route=\/wp\/v2\/product"}],"about":[{"href":"https:\/\/shabistyle.com\/index.php?rest_route=\/wp\/v2\/types\/product"}],"replies":[{"embeddable":true,"href":"https:\/\/shabistyle.com\/index.php?rest_route=%2Fwp%2Fv2%2Fcomments&post=660"}],"wp:featuredmedia":[{"embeddable":true,"href":"https:\/\/shabistyle.com\/index.php?rest_route=\/wp\/v2\/media\/657"}],"wp:attachment":[{"href":"https:\/\/shabistyle.com\/index.php?rest_route=%2Fwp%2Fv2%2Fmedia&parent=660"}],"wp:term":[{"taxonomy":"product_cat","embeddable":true,"href":"https:\/\/shabistyle.com\/index.php?rest_route=%2Fwp%2Fv2%2Fproduct_cat&post=660"},{"taxonomy":"product_tag","embeddable":true,"href":"https:\/\/shabistyle.com\/index.php?rest_route=%2Fwp%2Fv2%2Fproduct_tag&post=660"}],"curies":[{"name":"wp","href":"https:\/\/api.w.org\/{rel}","templated":true}]}}