{"id":410,"date":"2022-03-23T09:17:00","date_gmt":"2022-03-23T06:17:00","guid":{"rendered":"https:\/\/demo.creativethemes.com\/stagingseven\/?page_id=410"},"modified":"2024-11-11T23:04:54","modified_gmt":"2024-11-11T20:04:54","slug":"about-us","status":"publish","type":"page","link":"https:\/\/shabistyle.com\/?page_id=410","title":{"rendered":"Hakk\u0131m\u0131zda"},"content":{"rendered":"\n<div class=\"wp-block-stackable-columns alignfull stk-block-columns stk-block stk-cf247fd stk-block-background stk--has-background-overlay\" data-block-id=\"cf247fd\"><style>.stk-cf247fd{background-color:var(--paletteColor5,#edeff2) !important;background-image:url(https:\/\/shabistyle.com\/wp-content\/uploads\/2023\/02\/shabi-kopya.jpg) !important;background-position:top left !important;background-repeat:no-repeat !important;padding-top:210px !important;padding-right:10px !important;padding-bottom:210px !important;padding-left:10px !important;margin-bottom:0px !important}.stk-cf247fd:before{background-color:var(--paletteColor5,#edeff2) !important;opacity:0.7 !important}@media screen and (max-width:1023px){.stk-cf247fd{padding-top:140px !important;padding-bottom:140px !important}}<\/style><div class=\"stk-row stk-inner-blocks has-text-align-center stk-block-content stk-content-align stk-cf247fd-column\">\n<div class=\"wp-block-stackable-column stk-block-column stk-block-column--v3 stk-column stk-block-column--v2 stk-block stk-1d93b9f\" data-block-id=\"1d93b9f\"><style>.stk-1d93b9f-container{margin-top:0px !important;margin-right:0px !important;margin-bottom:0px !important;margin-left:0px !important}<\/style><div class=\"stk-column-wrapper stk-block-column__content stk-container stk-1d93b9f-container stk--no-background stk--no-padding\"><div class=\"stk-block-content stk-inner-blocks stk-1d93b9f-inner-blocks\">\n<div class=\"wp-block-stackable-heading stk-block-heading stk-block-heading--v2 stk-block stk-436ce8b\" id=\"hakkimizda\" data-block-id=\"436ce8b\"><style>.stk-436ce8b{margin-bottom:20px !important}.stk-436ce8b .stk-block-heading__text{font-size:55px !important;line-height:1em !important;font-weight:800 !important}@media screen and (max-width:1023px){.stk-436ce8b .stk-block-heading__text{font-size:40px !important}}@media screen and (max-width:767px){.stk-436ce8b .stk-block-heading__text{font-size:30px !important}}<\/style><h2 class=\"stk-block-heading__text\">Hakk\u0131m\u0131zda<\/h2><\/div>\n\n\n\n<div class=\"wp-block-stackable-text stk-block-text stk-block stk-ad51fb0\" data-block-id=\"ad51fb0\"><style>.stk-ad51fb0{max-width:730px !important;margin-right:auto !important;margin-left:auto !important}<\/style><p class=\"stk-block-text__text\"><\/p><\/div>\n<\/div><\/div><\/div>\n<\/div><\/div>\n\n\n\n<div class=\"wp-block-stackable-spacer stk-block-spacer stk--no-padding stk-block stk-6090630\" data-block-id=\"6090630\"><style>.stk-6090630{height:100px !important}@media screen and (max-width:1023px){.stk-6090630{height:80px !important}}<\/style><\/div>\n\n\n\n<div class=\"wp-block-stackable-columns stk-block-columns stk-block stk-9dedec1\" data-block-id=\"9dedec1\"><style>.stk-9dedec1{margin-bottom:0px !important}.stk-9dedec1-column{--stk-column-gap:60px !important;row-gap:60px !important}<\/style><div class=\"stk-row stk-inner-blocks stk-block-content stk-content-align stk-9dedec1-column\">\n<div class=\"wp-block-stackable-column stk-block-column stk-block-column--v3 stk-column stk-block-column--v2 stk-block stk-20a795f\" data-block-id=\"20a795f\"><style>.stk-20a795f-container{margin-top:0px !important;margin-right:0px !important;margin-bottom:0px !important;margin-left:0px !important}@media screen and (min-width:768px) and (max-width:1023px){.stk-20a795f{flex:0 1 calc(100% - var(--stk-column-gap,0px) * 0 \/ 1 ) !important}}<\/style><div class=\"stk-column-wrapper stk-block-column__content stk-container stk-20a795f-container stk--no-background stk--no-padding\"><div class=\"has-text-align-center-tablet stk-block-content stk-inner-blocks stk-20a795f-inner-blocks\">\n<div class=\"wp-block-stackable-heading stk-block-heading stk-block-heading--v2 stk-block stk-406e1c3\" id=\"hakkimizda\" data-block-id=\"406e1c3\"><style>.stk-406e1c3{margin-bottom:20px !important}.stk-406e1c3 .stk-block-heading__text{font-size:40px !important;line-height:1.5em !important;font-weight:900 !important}@media screen and (max-width:1023px){.stk-406e1c3 .stk-block-heading__text{font-size:40px !important}}@media screen and (max-width:767px){.stk-406e1c3 .stk-block-heading__text{font-size:28px !important}}<\/style><h2 class=\"stk-block-heading__text has-text-align-center\">Hakk\u0131m\u0131zda<\/h2><\/div>\n\n\n\n<p class=\"has-text-align-center\">Do\u011fru zamanda do\u011fru \u00e7\u00f6z\u00fcmler sunmak.<br>M\u00fc\u015fterilerimizi dinlemek ve devaml\u0131 kendimizi yenilemek.<br>Sorunlar\u0131 m\u00fc\u015fteri memnuniyeti ile \u00e7\u00f6zmek.<br>\u0130leri teknoloji ile \u00fcr\u00fcnlerimizi  el i\u015f\u00e7ili\u011fi ile haz\u0131rl\u0131yoruz.<\/p>\n\n\n\n<p><\/p>\n\n\n\n<p><\/p>\n\n\n\n<p class=\"has-text-align-center\">\u00d6nerileriniz<\/p>\n\n\n\n<p class=\"has-text-align-center\">Sizin i\u00e7in neyi daha iyi yapmam\u0131z\u0131 istersiniz?<\/p>\n\n\n\n<p class=\"has-text-align-center\">Anlat\u0131n dinleyelim.<\/p>\n\n\n\n<p class=\"has-text-align-center\">Daha iyisini yapmak i\u00e7in \u00e7al\u0131\u015fal\u0131m.<\/p>\n\n\n\n<div class=\"wp-block-stackable-button-group stk-block-button-group stk-block stk-a5618f0\" data-block-id=\"a5618f0\"><div class=\"stk-row stk-inner-blocks stk-block-content stk-button-group\">\n<div class=\"wp-block-stackable-button stk-block-button has-text-align-center stk-block stk-e8a8bbb\" data-block-id=\"e8a8bbb\"><style>.stk-e8a8bbb,.stk-e8a8bbb .stk-button{width:100% !important}.stk-e8a8bbb{flex:1 1 0 !important}.stk-e8a8bbb .stk-button{min-height:0px !important;background:var(--paletteColor2,#fcb424) !important}.stk-e8a8bbb .stk-button__inner-text{color:var(--paletteColor4,#0a0500) !important}<\/style><a class=\"stk-link stk-button stk--hover-effect-lift-more\" href=\"https:\/\/shabistyle.com\/?page_id=381\" rel=\"https:\/\/shabistyle.com\/?page_id=381\"><span class=\"has-text-color stk-button__inner-text\">\u0130LET\u0130\u015e\u0130M<\/span><\/a><\/div>\n<\/div><\/div>\n<\/div><\/div><\/div>\n\n\n\n<div class=\"wp-block-stackable-column stk-block-column stk-block-column--v3 stk-column stk-block-column--v2 stk-block stk-e8ec9fc\" data-block-id=\"e8ec9fc\"><style>.stk-e8ec9fc-container{margin-top:0px !important;margin-right:0px !important;margin-bottom:0px !important;margin-left:0px !important}@media screen and (min-width:768px) and (max-width:1023px){.stk-e8ec9fc{flex:0 1 calc(100% - var(--stk-column-gap,0px) * 0 \/ 1 ) !important}}<\/style><div class=\"stk-column-wrapper stk-block-column__content stk-container stk-e8ec9fc-container stk--no-background stk--no-padding\"><div class=\"stk-block-content stk-inner-blocks stk-e8ec9fc-inner-blocks\">\n<div class=\"wp-block-stackable-image stk-block-image stk-block stk-ee3e13d\" data-block-id=\"ee3e13d\"><style>.stk-ee3e13d .stk-img-wrapper img{border-radius:3px !important}@media screen and (max-width:1023px){.stk-ee3e13d .stk-img-wrapper{width:660px !important}}<\/style><figure class=\"stk-img-wrapper stk-image--shape-stretch\"><img loading=\"lazy\" decoding=\"async\" class=\"stk-img wp-image-794\" src=\"https:\/\/shabistyle.com\/wp-content\/uploads\/2023\/03\/shabi2222222_795x1000.jpg\" width=\"795\" height=\"1000\" srcset=\"https:\/\/shabistyle.com\/wp-content\/uploads\/2023\/03\/shabi2222222_795x1000.jpg 795w, https:\/\/shabistyle.com\/wp-content\/uploads\/2023\/03\/shabi2222222_795x1000-239x300.jpg 239w, https:\/\/shabistyle.com\/wp-content\/uploads\/2023\/03\/shabi2222222_795x1000-768x966.jpg 768w, https:\/\/shabistyle.com\/wp-content\/uploads\/2023\/03\/shabi2222222_795x1000-300x377.jpg 300w, https:\/\/shabistyle.com\/wp-content\/uploads\/2023\/03\/shabi2222222_795x1000-600x755.jpg 600w\" sizes=\"auto, (max-width: 795px) 100vw, 795px\" \/><\/figure><\/div>\n<\/div><\/div><\/div>\n<\/div><\/div>\n\n\n\n<div class=\"wp-block-stackable-divider stk-block-divider stk-block stk-07ebf73\" data-block-id=\"07ebf73\"><hr class=\"stk-block-divider__hr\"\/><\/div>\n\n\n\n<div class=\"wp-block-stackable-columns stk-block-columns stk-block\"><div class=\"stk-row stk-inner-blocks stk-block-content stk-content-align stk--column\"><\/div><\/div>\n","protected":false},"excerpt":{"rendered":"<p>Hakk\u0131m\u0131zda Hakk\u0131m\u0131zda Do\u011fru zamanda do\u011fru \u00e7\u00f6z\u00fcmler sunmak.M\u00fc\u015fterilerimizi dinlemek ve devaml\u0131 kendimizi yenilemek.Sorunlar\u0131 m\u00fc\u015fteri memnuniyeti ile \u00e7\u00f6zmek.\u0130leri teknoloji ile \u00fcr\u00fcnlerimizi el i\u015f\u00e7ili\u011fi ile haz\u0131rl\u0131yoruz. \u00d6nerileriniz Sizin i\u00e7in neyi daha iyi yapmam\u0131z\u0131 istersiniz? Anlat\u0131n dinleyelim. Daha iyisini yapmak i\u00e7in \u00e7al\u0131\u015fal\u0131m. \u0130LET\u0130\u015e\u0130M<\/p>\n","protected":false},"author":1,"featured_media":829,"parent":0,"menu_order":0,"comment_status":"closed","ping_status":"closed","template":"","meta":{"footnotes":""},"class_list":["post-410","page","type-page","status-publish","has-post-thumbnail","hentry"],"blocksy_meta":{"page_title_panel":"","has_hero_section":"disabled","d62764b6e9bb0aaea5ca5b89dbc46beb":"","hero_section":"type-1","hero_elements":[{"id":"custom_title","enabled":true,"heading_tag":"h1","title":"Home"},{"id":"custom_description","enabled":true,"description_visibility":{"desktop":true,"tablet":true,"mobile":false}},{"id":"custom_meta","enabled":false,"meta_elements":[{"id":"author","enabled":true,"label":"By","has_author_avatar":"yes","avatar_size":25},{"id":"post_date","enabled":true,"label":"On","date_format_source":"default","date_format":"M j, Y"},{"id":"updated_date","enabled":false,"label":"On","date_format_source":"default","date_format":"M j, Y"},{"id":"categories","enabled":false,"label":"In","style":"simple"},{"id":"comments","enabled":true}],"page_meta_elements":{"joined":true,"articles_count":true,"comments":true}},{"id":"breadcrumbs","enabled":false}],"fae67ca3721c76f07332a34e2e1279c1":"","hero_alignment1":"CT_CSS_SKIP_RULE","hero_margin":40,"hero_alignment2":"center","hero_vertical_alignment":"center","265681bca8ef66c998345d5f49e0a641":"","hero_structure":"narrow","9fd6ae2320326ef29e9de4a6fabe4476":"","page_title_bg_type":"featured_image","custom_hero_background":{"attachment_id":null},"parallax":{"desktop":false,"tablet":false,"mobile":false},"7b759c92badcf9bd8e5dad0e24feb678":"","hero_height":"250px","pageTitleFont":{"family":"Default","variation":"Default","size":"30px","line-height":"CT_CSS_SKIP_RULE","letter-spacing":"CT_CSS_SKIP_RULE","text-transform":"CT_CSS_SKIP_RULE","text-decoration":"CT_CSS_SKIP_RULE"},"pageTitleFontColor":{"default":{"color":"CT_CSS_SKIP_RULEDEFAULT"}},"pageMetaFont":{"family":"Default","variation":"n6","size":"12px","line-height":"1.3","letter-spacing":"CT_CSS_SKIP_RULE","text-transform":"uppercase","text-decoration":"CT_CSS_SKIP_RULE"},"pageMetaFontColor":{"default":{"color":"CT_CSS_SKIP_RULEDEFAULT"},"hover":{"color":"CT_CSS_SKIP_RULEDEFAULT"}},"page_meta_button_type_font_colors":{"default":{"color":"CT_CSS_SKIP_RULEDEFAULT"},"hover":{"color":"CT_CSS_SKIP_RULEDEFAULT"}},"page_meta_button_type_background_colors":{"default":{"color":"CT_CSS_SKIP_RULEDEFAULT"},"hover":{"color":"CT_CSS_SKIP_RULEDEFAULT"}},"pageExcerptFont":{"family":"Default","variation":"Default","size":"CT_CSS_SKIP_RULE","line-height":"CT_CSS_SKIP_RULE","letter-spacing":"CT_CSS_SKIP_RULE","text-transform":"CT_CSS_SKIP_RULE","text-decoration":"CT_CSS_SKIP_RULE"},"pageExcerptColor":{"default":{"color":"CT_CSS_SKIP_RULEDEFAULT"}},"breadcrumbsFont":{"family":"Default","variation":"Default","size":"CT_CSS_SKIP_RULE","line-height":"CT_CSS_SKIP_RULE","letter-spacing":"CT_CSS_SKIP_RULE","text-transform":"CT_CSS_SKIP_RULE","text-decoration":"CT_CSS_SKIP_RULE"},"breadcrumbsFontColor":{"default":{"color":"CT_CSS_SKIP_RULEDEFAULT"},"initial":{"color":"CT_CSS_SKIP_RULEDEFAULT"},"hover":{"color":"CT_CSS_SKIP_RULEDEFAULT"}},"pageTitleOverlay":{"background_type":"color","background_pattern":"type-1","background_image":{"attachment_id":null,"x":0,"y":0},"gradient":"linear-gradient(135deg,rgba(6,147,227,1) 0%,rgb(155,81,224) 100%)","background_repeat":"repeat","background_size":"auto","background_attachment":"scroll","patternColor":{"default":{"color":"#e5e7ea"}},"overlayColor":{"default":{"color":"CT_CSS_SKIP_RULE"}},"backgroundColor":{"default":{"color":"CT_CSS_SKIP_RULE"}}},"pageTitleBackground":{"background_type":"color","background_pattern":"type-1","background_image":{"attachment_id":null,"x":0,"y":0},"gradient":"linear-gradient(135deg,rgba(6,147,227,1) 0%,rgb(155,81,224) 100%)","background_repeat":"repeat","background_size":"auto","background_attachment":"scroll","patternColor":{"default":{"color":"#e5e7ea"}},"overlayColor":{"default":{"color":"CT_CSS_SKIP_RULE"}},"backgroundColor":{"default":{"color":"var(--paletteColor6)"}}},"pageTitlePadding":{"top":"50px","bottom":"50px","left":"auto","right":"auto","linked":true},"f4fc0fcaa853d290d42c96e8f6d5b869":"","page_structure_type":"default","0b26d651a8d2ebb2a14a963ba8c4895c":"","content_style_source":"inherit","content_style":"wide","vertical_spacing_source":"custom","content_area_spacing":"none","background":{"background_type":"color","background_pattern":"type-1","background_image":{"attachment_id":null,"x":0,"y":0},"gradient":"linear-gradient(135deg,rgba(6,147,227,1) 0%,rgb(155,81,224) 100%)","background_repeat":"repeat","background_size":"auto","background_attachment":"scroll","patternColor":{"default":{"color":"#e5e7ea"}},"overlayColor":{"default":{"color":"CT_CSS_SKIP_RULE"}},"backgroundColor":{"default":{"color":"CT_CSS_SKIP_RULE"}}},"content_background":{"background_type":"color","background_pattern":"type-1","background_image":{"attachment_id":null,"x":0,"y":0},"gradient":"linear-gradient(135deg,rgba(6,147,227,1) 0%,rgb(155,81,224) 100%)","background_repeat":"repeat","background_size":"auto","background_attachment":"scroll","patternColor":{"default":{"color":"#e5e7ea"}},"overlayColor":{"default":{"color":"CT_CSS_SKIP_RULE"}},"backgroundColor":{"default":{"color":"var(--paletteColor8)"}}},"content_boxed_shadow":{"inherit":false,"blur":18,"spread":-6,"v_offset":12,"h_offset":0,"inset":false,"enable":true,"color":{"color":"rgba(34, 56, 101, 0.04)"}},"boxed_content_spacing":{"desktop":{"top":"40px","bottom":"40px","left":"40px","right":"40px","linked":true},"tablet":{"top":"35px","bottom":"35px","left":"35px","right":"35px","linked":true},"mobile":{"top":"20px","bottom":"20px","left":"20px","right":"20px","linked":true}},"content_boxed_radius":{"top":"3px","bottom":"3px","left":"3px","right":"3px","linked":true},"d5f159e47b7a7b57e3af8576c3a511fa":"","disable_featured_image":"no","disable_share_box":"no","disable_header":"no","disable_footer":"no","styles_descriptor":{"styles":{"desktop":"","tablet":"","mobile":""},"google_fonts":[],"version":5}},"featured_image_urls":{"full":["https:\/\/shabistyle.com\/wp-content\/uploads\/2023\/03\/shabi_logo-kopya.png",512,512,false],"thumbnail":["https:\/\/shabistyle.com\/wp-content\/uploads\/2023\/03\/shabi_logo-kopya-150x150.png",150,150,true],"medium":["https:\/\/shabistyle.com\/wp-content\/uploads\/2023\/03\/shabi_logo-kopya-300x300.png",300,300,true],"medium_large":["https:\/\/shabistyle.com\/wp-content\/uploads\/2023\/03\/shabi_logo-kopya.png",512,512,false],"large":["https:\/\/shabistyle.com\/wp-content\/uploads\/2023\/03\/shabi_logo-kopya.png",512,512,false],"1536x1536":["https:\/\/shabistyle.com\/wp-content\/uploads\/2023\/03\/shabi_logo-kopya.png",512,512,false],"2048x2048":["https:\/\/shabistyle.com\/wp-content\/uploads\/2023\/03\/shabi_logo-kopya.png",512,512,false],"woocommerce_thumbnail":["https:\/\/shabistyle.com\/wp-content\/uploads\/2023\/03\/shabi_logo-kopya-300x300.png",300,300,true],"woocommerce_single":["https:\/\/shabistyle.com\/wp-content\/uploads\/2023\/03\/shabi_logo-kopya.png",512,512,false],"woocommerce_gallery_thumbnail":["https:\/\/shabistyle.com\/wp-content\/uploads\/2023\/03\/shabi_logo-kopya-100x100.png",100,100,true]},"post_excerpt_stackable":"<p>Hakk\u0131m\u0131zda Hakk\u0131m\u0131zda Do\u011fru zamanda do\u011fru \u00e7\u00f6z\u00fcmler sunmak.M\u00fc\u015fterilerimizi dinlemek ve devaml\u0131 kendimizi yenilemek.Sorunlar\u0131 m\u00fc\u015fteri memnuniyeti ile \u00e7\u00f6zmek.\u0130leri teknoloji ile \u00fcr\u00fcnlerimizi el i\u015f\u00e7ili\u011fi ile haz\u0131rl\u0131yoruz. \u00d6nerileriniz Sizin i\u00e7in neyi daha iyi yapmam\u0131z\u0131 istersiniz? Anlat\u0131n dinleyelim. Daha iyisini yapmak i\u00e7in \u00e7al\u0131\u015fal\u0131m. \u0130LET\u0130\u015e\u0130M<\/p>\n","category_list":"","author_info":{"name":"shabiadmin","url":"https:\/\/shabistyle.com\/?author=1"},"comments_num":"0 comments","_links":{"self":[{"href":"https:\/\/shabistyle.com\/index.php?rest_route=\/wp\/v2\/pages\/410","targetHints":{"allow":["GET"]}}],"collection":[{"href":"https:\/\/shabistyle.com\/index.php?rest_route=\/wp\/v2\/pages"}],"about":[{"href":"https:\/\/shabistyle.com\/index.php?rest_route=\/wp\/v2\/types\/page"}],"author":[{"embeddable":true,"href":"https:\/\/shabistyle.com\/index.php?rest_route=\/wp\/v2\/users\/1"}],"replies":[{"embeddable":true,"href":"https:\/\/shabistyle.com\/index.php?rest_route=%2Fwp%2Fv2%2Fcomments&post=410"}],"version-history":[{"count":12,"href":"https:\/\/shabistyle.com\/index.php?rest_route=\/wp\/v2\/pages\/410\/revisions"}],"predecessor-version":[{"id":957,"href":"https:\/\/shabistyle.com\/index.php?rest_route=\/wp\/v2\/pages\/410\/revisions\/957"}],"wp:featuredmedia":[{"embeddable":true,"href":"https:\/\/shabistyle.com\/index.php?rest_route=\/wp\/v2\/media\/829"}],"wp:attachment":[{"href":"https:\/\/shabistyle.com\/index.php?rest_route=%2Fwp%2Fv2%2Fmedia&parent=410"}],"curies":[{"name":"wp","href":"https:\/\/api.w.org\/{rel}","templated":true}]}}